{"id":1108,"date":"2024-09-26T01:23:41","date_gmt":"2024-09-26T01:23:41","guid":{"rendered":"https:\/\/accompta.ca\/tax-reports\/"},"modified":"2025-05-28T00:55:22","modified_gmt":"2025-05-28T00:55:22","slug":"tax-reports","status":"publish","type":"page","link":"https:\/\/accompta.ca\/en\/tax-reports\/","title":{"rendered":"Tax Reports"},"content":{"rendered":"\t\t<div data-elementor-type=\"wp-page\" data-elementor-id=\"1108\" class=\"elementor elementor-1108 elementor-437\" data-elementor-post-type=\"page\">\n\t\t\t\t<div class=\"elementor-element elementor-element-4e3aa4f2 e-flex e-con-boxed e-con e-parent\" data-id=\"4e3aa4f2\" data-element_type=\"container\">\n\t\t\t\t\t<div class=\"e-con-inner\">\n\t\t<div class=\"elementor-element elementor-element-7d901040 e-con-full e-flex e-con e-child\" data-id=\"7d901040\" data-element_type=\"container\">\n\t\t\t\t<div class=\"elementor-element elementor-element-231edfd2 elementor-cta--skin-classic elementor-animated-content elementor-bg-transform elementor-bg-transform-zoom-in elementor-widget elementor-widget-call-to-action\" data-id=\"231edfd2\" data-element_type=\"widget\" data-widget_type=\"call-to-action.default\">\n\t\t\t\t<div class=\"elementor-widget-container\">\n\t\t\t\t\t\t\t<div class=\"elementor-cta\">\n\t\t\t\t\t<div class=\"elementor-cta__bg-wrapper\">\n\t\t\t\t<div class=\"elementor-cta__bg elementor-bg\" style=\"background-image: url(https:\/\/i0.wp.com\/accompta.ca\/wp-content\/uploads\/2024\/09\/2148819870.jpg?fit=563%2C1000&#038;ssl=1);\" role=\"img\" aria-label=\"A&amp;C Compta-comptabilit\u00e9 Montreal- Imp\u00f4ts- Rapports d&#039;imp\u00f4ts- pr\u00e9paration de rapports- assistance lors des verifications- analyse de rapports anciens- Conseils pour le remboursement d&#039;impots\"><\/div>\n\t\t\t\t<div class=\"elementor-cta__bg-overlay\"><\/div>\n\t\t\t<\/div>\n\t\t\t\t\t\t\t\t<\/div>\n\t\t\t\t\t\t<\/div>\n\t\t\t\t<\/div>\n\t\t\t\t<div class=\"elementor-element elementor-element-6eb2b44a elementor-cta--skin-classic elementor-animated-content elementor-bg-transform elementor-bg-transform-zoom-in elementor-widget elementor-widget-call-to-action\" data-id=\"6eb2b44a\" data-element_type=\"widget\" data-settings=\"{&quot;motion_fx_motion_fx_scrolling&quot;:&quot;yes&quot;,&quot;motion_fx_translateY_effect&quot;:&quot;yes&quot;,&quot;motion_fx_translateY_affectedRange&quot;:{&quot;unit&quot;:&quot;%&quot;,&quot;size&quot;:&quot;&quot;,&quot;sizes&quot;:{&quot;start&quot;:50,&quot;end&quot;:100}},&quot;motion_fx_translateY_speed&quot;:{&quot;unit&quot;:&quot;px&quot;,&quot;size&quot;:4,&quot;sizes&quot;:[]},&quot;motion_fx_devices&quot;:[&quot;desktop&quot;,&quot;tablet&quot;,&quot;mobile&quot;]}\" data-widget_type=\"call-to-action.default\">\n\t\t\t\t<div class=\"elementor-widget-container\">\n\t\t\t\t\t\t\t<div class=\"elementor-cta\">\n\t\t\t\t\t<div class=\"elementor-cta__bg-wrapper\">\n\t\t\t\t<div class=\"elementor-cta__bg elementor-bg\" style=\"background-image: url(https:\/\/i0.wp.com\/accompta.ca\/wp-content\/uploads\/2024\/09\/100613.jpg?fit=667%2C1000&#038;ssl=1);\" role=\"img\" aria-label=\"A&amp;C Compta-comptabilit\u00e9 Montreal- Imp\u00f4ts- Rapports d&#039;imp\u00f4ts- pr\u00e9paration de rapports- assistance lors des verifications- analyse de rapports anciens- Conseils pour le remboursement d&#039;impots\"><\/div>\n\t\t\t\t<div class=\"elementor-cta__bg-overlay\"><\/div>\n\t\t\t<\/div>\n\t\t\t\t\t\t\t\t<\/div>\n\t\t\t\t\t\t<\/div>\n\t\t\t\t<\/div>\n\t\t\t\t<\/div>\n\t\t<div class=\"elementor-element elementor-element-674de405 e-con-full e-flex e-con e-child\" data-id=\"674de405\" data-element_type=\"container\">\n\t\t\t\t<div class=\"elementor-element elementor-element-10b9131 elementor-widget__width-initial elementor-absolute elementor-widget elementor-widget-spacer\" data-id=\"10b9131\" data-element_type=\"widget\" data-settings=\"{&quot;_position&quot;:&quot;absolute&quot;}\" data-widget_type=\"spacer.default\">\n\t\t\t\t<div class=\"elementor-widget-container\">\n\t\t\t\t\t\t\t<div class=\"elementor-spacer\">\n\t\t\t<div class=\"elementor-spacer-inner\"><\/div>\n\t\t<\/div>\n\t\t\t\t\t\t<\/div>\n\t\t\t\t<\/div>\n\t\t\t\t<div class=\"elementor-element elementor-element-5edb315a elementor-invisible elementor-widget elementor-widget-heading\" data-id=\"5edb315a\" data-element_type=\"widget\" data-settings=\"{&quot;_animation&quot;:&quot;fadeInUp&quot;}\" data-widget_type=\"heading.default\">\n\t\t\t\t<div class=\"elementor-widget-container\">\n\t\t\t\t\t<h3 class=\"elementor-heading-title elementor-size-default\">Accurate Tax Report Preparation<\/h3>\t\t\t\t<\/div>\n\t\t\t\t<\/div>\n\t\t\t\t<div class=\"elementor-element elementor-element-56a7285e elementor-widget elementor-widget-heading\" data-id=\"56a7285e\" data-element_type=\"widget\" data-widget_type=\"heading.default\">\n\t\t\t\t<div class=\"elementor-widget-container\">\n\t\t\t\t\t<h1 class=\"elementor-heading-title elementor-size-default\">Tax Report Service<\/h1>\t\t\t\t<\/div>\n\t\t\t\t<\/div>\n\t\t\t\t<div class=\"elementor-element elementor-element-30a64f16 elementor-widget elementor-widget-text-editor\" data-id=\"30a64f16\" data-element_type=\"widget\" data-widget_type=\"text-editor.default\">\n\t\t\t\t<div class=\"elementor-widget-container\">\n\t\t\t\t\t\t\t\t\t<p>Tax report preparation is an essential task that requires accuracy and rigor. Errors in these reports can lead to serious financial consequences. A&amp;C Compta ensures that your reports are compliant and optimized to maximize your tax benefits.<\/p>\t\t\t\t\t\t\t\t<\/div>\n\t\t\t\t<\/div>\n\t\t\t\t<\/div>\n\t\t\t\t\t<\/div>\n\t\t\t\t<\/div>\n\t\t<div class=\"elementor-element elementor-element-4f3de0d e-flex e-con-boxed e-con e-parent\" data-id=\"4f3de0d\" data-element_type=\"container\">\n\t\t\t\t\t<div class=\"e-con-inner\">\n\t\t<div class=\"elementor-element elementor-element-3ed27754 e-flex e-con-boxed e-con e-child\" data-id=\"3ed27754\" data-element_type=\"container\">\n\t\t\t\t\t<div class=\"e-con-inner\">\n\t\t\t\t<div class=\"elementor-element elementor-element-543f5e24 elementor-invisible elementor-widget elementor-widget-heading\" data-id=\"543f5e24\" data-element_type=\"widget\" data-settings=\"{&quot;_animation&quot;:&quot;fadeInUp&quot;}\" data-widget_type=\"heading.default\">\n\t\t\t\t<div class=\"elementor-widget-container\">\n\t\t\t\t\t<h3 class=\"elementor-heading-title elementor-size-default\">Services Offered<\/h3>\t\t\t\t<\/div>\n\t\t\t\t<\/div>\n\t\t\t\t\t<\/div>\n\t\t\t\t<\/div>\n\t\t<div class=\"elementor-element elementor-element-6bf88a25 e-con-full e-flex e-con e-child\" data-id=\"6bf88a25\" data-element_type=\"container\">\n\t\t\t\t<div class=\"elementor-element elementor-element-b2ecb5 elementor-widget__width-initial elementor-widget-mobile__width-inherit elementor-widget elementor-widget-icon-box\" data-id=\"b2ecb5\" data-element_type=\"widget\" data-widget_type=\"icon-box.default\">\n\t\t\t\t<div class=\"elementor-widget-container\">\n\t\t\t\t\t\t\t<div class=\"elementor-icon-box-wrapper\">\n\n\t\t\t\n\t\t\t\t\t\t<div class=\"elementor-icon-box-content\">\n\n\t\t\t\t\t\t\t\t\t<h4 class=\"elementor-icon-box-title\">\n\t\t\t\t\t\t<span  >\n\t\t\t\t\t\t\tReport Preparation\t\t\t\t\t\t<\/span>\n\t\t\t\t\t<\/h4>\n\t\t\t\t\n\t\t\t\t\t\t\t\t\t<p class=\"elementor-icon-box-description\">\n\t\t\t\t\t\tWe prepare comprehensive and accurate tax reports, respecting deadlines and tax authority requirements.\t\t\t\t\t<\/p>\n\t\t\t\t\n\t\t\t<\/div>\n\t\t\t\n\t\t<\/div>\n\t\t\t\t\t\t<\/div>\n\t\t\t\t<\/div>\n\t\t\t\t<div class=\"elementor-element elementor-element-19fa0ced elementor-widget__width-initial elementor-widget-mobile__width-inherit elementor-widget elementor-widget-icon-box\" data-id=\"19fa0ced\" data-element_type=\"widget\" data-widget_type=\"icon-box.default\">\n\t\t\t\t<div class=\"elementor-widget-container\">\n\t\t\t\t\t\t\t<div class=\"elementor-icon-box-wrapper\">\n\n\t\t\t\n\t\t\t\t\t\t<div class=\"elementor-icon-box-content\">\n\n\t\t\t\t\t\t\t\t\t<h4 class=\"elementor-icon-box-title\">\n\t\t\t\t\t\t<span  >\n\t\t\t\t\t\t\tAudit Assistance\t\t\t\t\t\t<\/span>\n\t\t\t\t\t<\/h4>\n\t\t\t\t\n\t\t\t\t\t\t\t\t\t<p class=\"elementor-icon-box-description\">\n\t\t\t\t\t\tIn case of a tax audit, we assist you in preparing and documenting the necessary information to meet the authorities' requirements.\t\t\t\t\t<\/p>\n\t\t\t\t\n\t\t\t<\/div>\n\t\t\t\n\t\t<\/div>\n\t\t\t\t\t\t<\/div>\n\t\t\t\t<\/div>\n\t\t\t\t<div class=\"elementor-element elementor-element-4b73df3d elementor-widget__width-initial elementor-widget-mobile__width-inherit elementor-widget elementor-widget-icon-box\" data-id=\"4b73df3d\" data-element_type=\"widget\" data-widget_type=\"icon-box.default\">\n\t\t\t\t<div class=\"elementor-widget-container\">\n\t\t\t\t\t\t\t<div class=\"elementor-icon-box-wrapper\">\n\n\t\t\t\n\t\t\t\t\t\t<div class=\"elementor-icon-box-content\">\n\n\t\t\t\t\t\t\t\t\t<h4 class=\"elementor-icon-box-title\">\n\t\t\t\t\t\t<span  >\n\t\t\t\t\t\t\tAnalysis of Previous Reports\t\t\t\t\t\t<\/span>\n\t\t\t\t\t<\/h4>\n\t\t\t\t\n\t\t\t\t\t\t\t\t\t<p class=\"elementor-icon-box-description\">\n\t\t\t\t\t\tWe examine your tax reports from previous years to identify errors, omissions, or optimization opportunities.\t\t\t\t\t<\/p>\n\t\t\t\t\n\t\t\t<\/div>\n\t\t\t\n\t\t<\/div>\n\t\t\t\t\t\t<\/div>\n\t\t\t\t<\/div>\n\t\t\t\t<div class=\"elementor-element elementor-element-5967618f elementor-widget__width-initial elementor-widget-mobile__width-inherit elementor-widget elementor-widget-icon-box\" data-id=\"5967618f\" data-element_type=\"widget\" data-widget_type=\"icon-box.default\">\n\t\t\t\t<div class=\"elementor-widget-container\">\n\t\t\t\t\t\t\t<div class=\"elementor-icon-box-wrapper\">\n\n\t\t\t\n\t\t\t\t\t\t<div class=\"elementor-icon-box-content\">\n\n\t\t\t\t\t\t\t\t\t<h4 class=\"elementor-icon-box-title\">\n\t\t\t\t\t\t<span  >\n\t\t\t\t\t\t\tTax Refund Advice\t\t\t\t\t\t<\/span>\n\t\t\t\t\t<\/h4>\n\t\t\t\t\n\t\t\t\t\t\t\t\t\t<p class=\"elementor-icon-box-description\">\n\t\t\t\t\t\tWe guide you to maximize your tax refunds by informing you about applicable credits and deductions.\t\t\t\t\t<\/p>\n\t\t\t\t\n\t\t\t<\/div>\n\t\t\t\n\t\t<\/div>\n\t\t\t\t\t\t<\/div>\n\t\t\t\t<\/div>\n\t\t\t\t<\/div>\n\t\t\t\t\t<\/div>\n\t\t\t\t<\/div>\n\t\t<div class=\"elementor-element elementor-element-19c585e3 e-flex e-con-boxed e-con e-parent\" data-id=\"19c585e3\" data-element_type=\"container\">\n\t\t\t\t\t<div class=\"e-con-inner\">\n\t\t<div class=\"elementor-element elementor-element-4c24463e e-flex e-con-boxed e-con e-child\" data-id=\"4c24463e\" data-element_type=\"container\">\n\t\t\t\t\t<div class=\"e-con-inner\">\n\t\t\t\t<div class=\"elementor-element elementor-element-621f978a elementor-invisible elementor-widget elementor-widget-heading\" data-id=\"621f978a\" data-element_type=\"widget\" data-settings=\"{&quot;_animation&quot;:&quot;fadeInUp&quot;}\" data-widget_type=\"heading.default\">\n\t\t\t\t<div class=\"elementor-widget-container\">\n\t\t\t\t\t<h3 class=\"elementor-heading-title elementor-size-default\">Benefits<\/h3>\t\t\t\t<\/div>\n\t\t\t\t<\/div>\n\t\t\t\t\t<\/div>\n\t\t\t\t<\/div>\n\t\t<div class=\"elementor-element elementor-element-4119af2 e-con-full e-flex e-con e-child\" data-id=\"4119af2\" data-element_type=\"container\">\n\t\t\t\t<div class=\"elementor-element elementor-element-650cdd29 elementor-widget__width-initial elementor-widget-mobile__width-inherit elementor-widget elementor-widget-icon-box\" data-id=\"650cdd29\" data-element_type=\"widget\" data-widget_type=\"icon-box.default\">\n\t\t\t\t<div class=\"elementor-widget-container\">\n\t\t\t\t\t\t\t<div class=\"elementor-icon-box-wrapper\">\n\n\t\t\t\n\t\t\t\t\t\t<div class=\"elementor-icon-box-content\">\n\n\t\t\t\t\t\t\t\t\t<h4 class=\"elementor-icon-box-title\">\n\t\t\t\t\t\t<span  >\n\t\t\t\t\t\t\tAccuracy\t\t\t\t\t\t<\/span>\n\t\t\t\t\t<\/h4>\n\t\t\t\t\n\t\t\t\t\t\t\t\t\t<p class=\"elementor-icon-box-description\">\n\t\t\t\t\t\tOur rigorous approach ensures error-free reports, minimizing the risk of complications with tax authorities.\t\t\t\t\t<\/p>\n\t\t\t\t\n\t\t\t<\/div>\n\t\t\t\n\t\t<\/div>\n\t\t\t\t\t\t<\/div>\n\t\t\t\t<\/div>\n\t\t\t\t<div class=\"elementor-element elementor-element-90b37da elementor-widget__width-initial elementor-widget-mobile__width-inherit elementor-widget elementor-widget-icon-box\" data-id=\"90b37da\" data-element_type=\"widget\" data-widget_type=\"icon-box.default\">\n\t\t\t\t<div class=\"elementor-widget-container\">\n\t\t\t\t\t\t\t<div class=\"elementor-icon-box-wrapper\">\n\n\t\t\t\n\t\t\t\t\t\t<div class=\"elementor-icon-box-content\">\n\n\t\t\t\t\t\t\t\t\t<h4 class=\"elementor-icon-box-title\">\n\t\t\t\t\t\t<span  >\n\t\t\t\t\t\t\tTime Savings\t\t\t\t\t\t<\/span>\n\t\t\t\t\t<\/h4>\n\t\t\t\t\n\t\t\t\t\t\t\t\t\t<p class=\"elementor-icon-box-description\">\n\t\t\t\t\t\tYou don't have to worry about preparing your reports, allowing you to focus on your business.\n\t\t\t\t\t<\/p>\n\t\t\t\t\n\t\t\t<\/div>\n\t\t\t\n\t\t<\/div>\n\t\t\t\t\t\t<\/div>\n\t\t\t\t<\/div>\n\t\t\t\t<div class=\"elementor-element elementor-element-286b01fa elementor-widget__width-initial elementor-widget-mobile__width-inherit elementor-widget elementor-widget-icon-box\" data-id=\"286b01fa\" data-element_type=\"widget\" data-widget_type=\"icon-box.default\">\n\t\t\t\t<div class=\"elementor-widget-container\">\n\t\t\t\t\t\t\t<div class=\"elementor-icon-box-wrapper\">\n\n\t\t\t\n\t\t\t\t\t\t<div class=\"elementor-icon-box-content\">\n\n\t\t\t\t\t\t\t\t\t<h4 class=\"elementor-icon-box-title\">\n\t\t\t\t\t\t<span  >\n\t\t\t\t\t\t\tFinancial Security\t\t\t\t\t\t<\/span>\n\t\t\t\t\t<\/h4>\n\t\t\t\t\n\t\t\t\t\t\t\t\t\t<p class=\"elementor-icon-box-description\">\n\t\t\t\t\t\tBy working with us, you reduce the risks of penalties and fines thanks to careful preparation.\t\t\t\t\t<\/p>\n\t\t\t\t\n\t\t\t<\/div>\n\t\t\t\n\t\t<\/div>\n\t\t\t\t\t\t<\/div>\n\t\t\t\t<\/div>\n\t\t\t\t<div class=\"elementor-element elementor-element-52cf7a2c elementor-widget__width-initial elementor-widget-mobile__width-inherit elementor-widget elementor-widget-icon-box\" data-id=\"52cf7a2c\" data-element_type=\"widget\" data-widget_type=\"icon-box.default\">\n\t\t\t\t<div class=\"elementor-widget-container\">\n\t\t\t\t\t\t\t<div class=\"elementor-icon-box-wrapper\">\n\n\t\t\t\n\t\t\t\t\t\t<div class=\"elementor-icon-box-content\">\n\n\t\t\t\t\t\t\t\t\t<h4 class=\"elementor-icon-box-title\">\n\t\t\t\t\t\t<span  >\n\t\t\t\t\t\t\tComprehensive Support\t\t\t\t\t\t<\/span>\n\t\t\t\t\t<\/h4>\n\t\t\t\t\n\t\t\t\t\t\t\t\t\t<p class=\"elementor-icon-box-description\">\n\t\t\t\t\t\tWe support you at every step of the process, from tax returns to audit management.\t\t\t\t\t<\/p>\n\t\t\t\t\n\t\t\t<\/div>\n\t\t\t\n\t\t<\/div>\n\t\t\t\t\t\t<\/div>\n\t\t\t\t<\/div>\n\t\t\t\t<\/div>\n\t\t\t\t\t<\/div>\n\t\t\t\t<\/div>\n\t\t<div class=\"elementor-element elementor-element-5a0fad1 e-con-full e-flex e-con e-parent\" data-id=\"5a0fad1\" data-element_type=\"container\">\n\t\t<div class=\"elementor-element elementor-element-b555c77 e-con-full e-flex e-con e-child\" data-id=\"b555c77\" data-element_type=\"container\" data-settings=\"{&quot;background_background&quot;:&quot;classic&quot;}\">\n\t\t\t\t<\/div>\n\t\t<div class=\"elementor-element elementor-element-020935d e-con-full e-flex e-con e-child\" data-id=\"020935d\" data-element_type=\"container\" data-settings=\"{&quot;background_background&quot;:&quot;classic&quot;}\">\n\t\t\t\t<div class=\"elementor-element elementor-element-6dbce7b elementor-widget elementor-widget-heading\" data-id=\"6dbce7b\" data-element_type=\"widget\" data-widget_type=\"heading.default\">\n\t\t\t\t<div class=\"elementor-widget-container\">\n\t\t\t\t\t<h2 class=\"elementor-heading-title elementor-size-default\">Speak to One of Our Experts<\/h2>\t\t\t\t<\/div>\n\t\t\t\t<\/div>\n\t\t\t\t<div class=\"elementor-element elementor-element-5b8a346 elementor-align-center elementor-button-info elementor-widget elementor-widget-button\" data-id=\"5b8a346\" data-element_type=\"widget\" data-widget_type=\"button.default\">\n\t\t\t\t<div class=\"elementor-widget-container\">\n\t\t\t\t\t\t\t\t\t<div class=\"elementor-button-wrapper\">\n\t\t\t\t\t<a class=\"elementor-button elementor-button-link elementor-size-sm\" href=\"https:\/\/calendly.com\/accompta72\/30min\">\n\t\t\t\t\t\t<span class=\"elementor-button-content-wrapper\">\n\t\t\t\t\t\t<span class=\"elementor-button-icon\">\n\t\t\t\t<svg aria-hidden=\"true\" class=\"e-font-icon-svg e-fas-arrow-right\" viewBox=\"0 0 448 512\" xmlns=\"http:\/\/www.w3.org\/2000\/svg\"><path d=\"M190.5 66.9l22.2-22.2c9.4-9.4 24.6-9.4 33.9 0L441 239c9.4 9.4 9.4 24.6 0 33.9L246.6 467.3c-9.4 9.4-24.6 9.4-33.9 0l-22.2-22.2c-9.5-9.5-9.3-25 .4-34.3L311.4 296H24c-13.3 0-24-10.7-24-24v-32c0-13.3 10.7-24 24-24h287.4L190.9 101.2c-9.8-9.3-10-24.8-.4-34.3z\"><\/path><\/svg>\t\t\t<\/span>\n\t\t\t\t\t\t\t\t\t<span class=\"elementor-button-text\">BOOK AN APPOINTMENT<\/span>\n\t\t\t\t\t<\/span>\n\t\t\t\t\t<\/a>\n\t\t\t\t<\/div>\n\t\t\t\t\t\t\t\t<\/div>\n\t\t\t\t<\/div>\n\t\t\t\t<\/div>\n\t\t\t\t<\/div>\n\t\t\t\t<\/div>\n\t\t","protected":false},"excerpt":{"rendered":"<p>Accurate Tax Report Preparation Tax Report Service Tax report preparation is an essential task that requires accuracy and rigor. Errors in these reports can lead to serious financial consequences. A&amp;C Compta ensures that your reports are compliant and optimized to maximize your tax benefits. Services Offered Report Preparation We prepare comprehensive and accurate tax reports, [&hellip;]<\/p>\n","protected":false},"author":2,"featured_media":0,"parent":0,"menu_order":0,"comment_status":"closed","ping_status":"closed","template":"elementor_header_footer","meta":{"nf_dc_page":"","footnotes":""},"class_list":["post-1108","page","type-page","status-publish","hentry"],"yoast_head":"<!-- This site is optimized with the Yoast SEO plugin v27.2 - https:\/\/yoast.com\/product\/yoast-seo-wordpress\/ -->\n<title>Tax Reports - A&amp;C COMPTA<\/title>\n<meta name=\"robots\" content=\"index, follow, max-snippet:-1, max-image-preview:large, max-video-preview:-1\" \/>\n<link rel=\"canonical\" href=\"https:\/\/accompta.ca\/en\/tax-reports\/\" \/>\n<meta property=\"og:locale\" content=\"en_US\" \/>\n<meta property=\"og:type\" content=\"article\" \/>\n<meta property=\"og:title\" content=\"Tax Reports - A&amp;C COMPTA\" \/>\n<meta property=\"og:description\" content=\"Accurate Tax Report Preparation Tax Report Service Tax report preparation is an essential task that requires accuracy and rigor. Errors in these reports can lead to serious financial consequences. A&amp;C Compta ensures that your reports are compliant and optimized to maximize your tax benefits. Services Offered Report Preparation We prepare comprehensive and accurate tax reports, [&hellip;]\" \/>\n<meta property=\"og:url\" content=\"https:\/\/accompta.ca\/en\/tax-reports\/\" \/>\n<meta property=\"og:site_name\" content=\"A&amp;C COMPTA\" \/>\n<meta property=\"article:publisher\" content=\"https:\/\/www.facebook.com\/p\/AC-Compta-inc-100064111748374\/\" \/>\n<meta property=\"article:modified_time\" content=\"2025-05-28T00:55:22+00:00\" \/>\n<meta name=\"twitter:card\" content=\"summary_large_image\" \/>\n<meta name=\"twitter:label1\" content=\"Est. reading time\" \/>\n\t<meta name=\"twitter:data1\" content=\"1 minute\" \/>\n<script type=\"application\/ld+json\" class=\"yoast-schema-graph\">{\"@context\":\"https:\/\/schema.org\",\"@graph\":[{\"@type\":\"WebPage\",\"@id\":\"https:\/\/accompta.ca\/en\/tax-reports\/\",\"url\":\"https:\/\/accompta.ca\/en\/tax-reports\/\",\"name\":\"Tax Reports - A&amp;C COMPTA\",\"isPartOf\":{\"@id\":\"https:\/\/accompta.ca\/en\/#website\"},\"datePublished\":\"2024-09-26T01:23:41+00:00\",\"dateModified\":\"2025-05-28T00:55:22+00:00\",\"breadcrumb\":{\"@id\":\"https:\/\/accompta.ca\/en\/tax-reports\/#breadcrumb\"},\"inLanguage\":\"en-US\",\"potentialAction\":[{\"@type\":\"ReadAction\",\"target\":[\"https:\/\/accompta.ca\/en\/tax-reports\/\"]}]},{\"@type\":\"BreadcrumbList\",\"@id\":\"https:\/\/accompta.ca\/en\/tax-reports\/#breadcrumb\",\"itemListElement\":[{\"@type\":\"ListItem\",\"position\":1,\"name\":\"Home\",\"item\":\"https:\/\/accompta.ca\/en\/\"},{\"@type\":\"ListItem\",\"position\":2,\"name\":\"Tax Reports\"}]},{\"@type\":\"WebSite\",\"@id\":\"https:\/\/accompta.ca\/en\/#website\",\"url\":\"https:\/\/accompta.ca\/en\/\",\"name\":\"A&C COMPTA\",\"description\":\"A&amp;C compta is a trusted Montreal-based accounting firm providing personalized services, including tax planning, bookkeeping, payroll, and financial consulting for\",\"publisher\":{\"@id\":\"https:\/\/accompta.ca\/en\/#organization\"},\"potentialAction\":[{\"@type\":\"SearchAction\",\"target\":{\"@type\":\"EntryPoint\",\"urlTemplate\":\"https:\/\/accompta.ca\/en\/?s={search_term_string}\"},\"query-input\":{\"@type\":\"PropertyValueSpecification\",\"valueRequired\":true,\"valueName\":\"search_term_string\"}}],\"inLanguage\":\"en-US\"},{\"@type\":\"Organization\",\"@id\":\"https:\/\/accompta.ca\/en\/#organization\",\"name\":\"A&C COMPTA\",\"url\":\"https:\/\/accompta.ca\/en\/\",\"logo\":{\"@type\":\"ImageObject\",\"inLanguage\":\"en-US\",\"@id\":\"https:\/\/accompta.ca\/en\/#\/schema\/logo\/image\/\",\"url\":\"https:\/\/i0.wp.com\/accompta.ca\/wp-content\/uploads\/2024\/09\/Capture-decran-2024-10-08-a-15.42.51.png?fit=1040%2C454&ssl=1\",\"contentUrl\":\"https:\/\/i0.wp.com\/accompta.ca\/wp-content\/uploads\/2024\/09\/Capture-decran-2024-10-08-a-15.42.51.png?fit=1040%2C454&ssl=1\",\"width\":1040,\"height\":454,\"caption\":\"A&C COMPTA\"},\"image\":{\"@id\":\"https:\/\/accompta.ca\/en\/#\/schema\/logo\/image\/\"},\"sameAs\":[\"https:\/\/www.facebook.com\/p\/AC-Compta-inc-100064111748374\/\"]}]}<\/script>\n<!-- \/ Yoast SEO plugin. -->","yoast_head_json":{"title":"Tax Reports - A&amp;C COMPTA","robots":{"index":"index","follow":"follow","max-snippet":"max-snippet:-1","max-image-preview":"max-image-preview:large","max-video-preview":"max-video-preview:-1"},"canonical":"https:\/\/accompta.ca\/en\/tax-reports\/","og_locale":"en_US","og_type":"article","og_title":"Tax Reports - A&amp;C COMPTA","og_description":"Accurate Tax Report Preparation Tax Report Service Tax report preparation is an essential task that requires accuracy and rigor. Errors in these reports can lead to serious financial consequences. A&amp;C Compta ensures that your reports are compliant and optimized to maximize your tax benefits. Services Offered Report Preparation We prepare comprehensive and accurate tax reports, [&hellip;]","og_url":"https:\/\/accompta.ca\/en\/tax-reports\/","og_site_name":"A&amp;C COMPTA","article_publisher":"https:\/\/www.facebook.com\/p\/AC-Compta-inc-100064111748374\/","article_modified_time":"2025-05-28T00:55:22+00:00","twitter_card":"summary_large_image","twitter_misc":{"Est. reading time":"1 minute"},"schema":{"@context":"https:\/\/schema.org","@graph":[{"@type":"WebPage","@id":"https:\/\/accompta.ca\/en\/tax-reports\/","url":"https:\/\/accompta.ca\/en\/tax-reports\/","name":"Tax Reports - A&amp;C COMPTA","isPartOf":{"@id":"https:\/\/accompta.ca\/en\/#website"},"datePublished":"2024-09-26T01:23:41+00:00","dateModified":"2025-05-28T00:55:22+00:00","breadcrumb":{"@id":"https:\/\/accompta.ca\/en\/tax-reports\/#breadcrumb"},"inLanguage":"en-US","potentialAction":[{"@type":"ReadAction","target":["https:\/\/accompta.ca\/en\/tax-reports\/"]}]},{"@type":"BreadcrumbList","@id":"https:\/\/accompta.ca\/en\/tax-reports\/#breadcrumb","itemListElement":[{"@type":"ListItem","position":1,"name":"Home","item":"https:\/\/accompta.ca\/en\/"},{"@type":"ListItem","position":2,"name":"Tax Reports"}]},{"@type":"WebSite","@id":"https:\/\/accompta.ca\/en\/#website","url":"https:\/\/accompta.ca\/en\/","name":"A&C COMPTA","description":"A&amp;C compta is a trusted Montreal-based accounting firm providing personalized services, including tax planning, bookkeeping, payroll, and financial consulting for","publisher":{"@id":"https:\/\/accompta.ca\/en\/#organization"},"potentialAction":[{"@type":"SearchAction","target":{"@type":"EntryPoint","urlTemplate":"https:\/\/accompta.ca\/en\/?s={search_term_string}"},"query-input":{"@type":"PropertyValueSpecification","valueRequired":true,"valueName":"search_term_string"}}],"inLanguage":"en-US"},{"@type":"Organization","@id":"https:\/\/accompta.ca\/en\/#organization","name":"A&C COMPTA","url":"https:\/\/accompta.ca\/en\/","logo":{"@type":"ImageObject","inLanguage":"en-US","@id":"https:\/\/accompta.ca\/en\/#\/schema\/logo\/image\/","url":"https:\/\/i0.wp.com\/accompta.ca\/wp-content\/uploads\/2024\/09\/Capture-decran-2024-10-08-a-15.42.51.png?fit=1040%2C454&ssl=1","contentUrl":"https:\/\/i0.wp.com\/accompta.ca\/wp-content\/uploads\/2024\/09\/Capture-decran-2024-10-08-a-15.42.51.png?fit=1040%2C454&ssl=1","width":1040,"height":454,"caption":"A&C COMPTA"},"image":{"@id":"https:\/\/accompta.ca\/en\/#\/schema\/logo\/image\/"},"sameAs":["https:\/\/www.facebook.com\/p\/AC-Compta-inc-100064111748374\/"]}]}},"jetpack_sharing_enabled":true,"_links":{"self":[{"href":"https:\/\/accompta.ca\/en\/wp-json\/wp\/v2\/pages\/1108","targetHints":{"allow":["GET"]}}],"collection":[{"href":"https:\/\/accompta.ca\/en\/wp-json\/wp\/v2\/pages"}],"about":[{"href":"https:\/\/accompta.ca\/en\/wp-json\/wp\/v2\/types\/page"}],"author":[{"embeddable":true,"href":"https:\/\/accompta.ca\/en\/wp-json\/wp\/v2\/users\/2"}],"replies":[{"embeddable":true,"href":"https:\/\/accompta.ca\/en\/wp-json\/wp\/v2\/comments?post=1108"}],"version-history":[{"count":1,"href":"https:\/\/accompta.ca\/en\/wp-json\/wp\/v2\/pages\/1108\/revisions"}],"predecessor-version":[{"id":1110,"href":"https:\/\/accompta.ca\/en\/wp-json\/wp\/v2\/pages\/1108\/revisions\/1110"}],"wp:attachment":[{"href":"https:\/\/accompta.ca\/en\/wp-json\/wp\/v2\/media?parent=1108"}],"curies":[{"name":"wp","href":"https:\/\/api.w.org\/{rel}","templated":true}]}}